{"id":6230,"date":"2024-01-18T15:12:19","date_gmt":"2024-01-18T14:12:19","guid":{"rendered":"https:\/\/www.mumbly.net\/?post_type=product&#038;p=6230"},"modified":"2026-02-23T18:30:54","modified_gmt":"2026-02-23T17:30:54","slug":"panini-foot-2024-326-jeremie-boga-ogc-nice","status":"publish","type":"product","link":"https:\/\/www.mumbly.net\/produit\/panini-foot-2024-326-jeremie-boga-ogc-nice\/","title":{"rendered":"Panini Foot 2024 #326 J\u00e9r\u00e9mie Boga OGC Nice"},"content":{"rendered":"<p>Sticker Panini Foot 2024 Ligue 1 Uber Eats #326 J\u00e9r\u00e9mie Boga OGC Nice<\/p>\n<p>Qualit\u00e9 : Neuf &#8211; Sorti de pochette<\/p>\n<p>Raret\u00e9 : Commun<\/p>\n","protected":false},"excerpt":{"rendered":"<p>Sticker Panini Foot 2024 Ligue 1 Uber Eats #326 J\u00e9r\u00e9mie Boga OGC Nice<\/p>\n<p>Qualit\u00e9 : Neuf &#8211; Sorti de pochette<\/p>\n<p>Raret\u00e9 : Commun<\/p>\n","protected":false},"featured_media":6231,"template":"","meta":{"om_disable_all_campaigns":false,"_monsterinsights_skip_tracking":false,"_monsterinsights_sitenote_active":false,"_monsterinsights_sitenote_note":"","_monsterinsights_sitenote_category":0,"ngg_post_thumbnail":0},"product_brand":[129],"product_cat":[91],"product_tag":[1424,53],"class_list":{"0":"post-6230","1":"product","2":"type-product","3":"status-publish","4":"has-post-thumbnail","6":"product_brand-panini","7":"product_cat-foot-2024","8":"product_tag-jeremie-boga","9":"product_tag-ogc-nice","10":"product_shipping_class-cartes","12":"first","13":"outofstock","14":"shipping-taxable","15":"purchasable","16":"product-type-simple"},"aioseo_notices":[],"jetpack_sharing_enabled":true,"_links":{"self":[{"href":"https:\/\/www.mumbly.net\/wp-json\/wp\/v2\/product\/6230","targetHints":{"allow":["GET"]}}],"collection":[{"href":"https:\/\/www.mumbly.net\/wp-json\/wp\/v2\/product"}],"about":[{"href":"https:\/\/www.mumbly.net\/wp-json\/wp\/v2\/types\/product"}],"wp:featuredmedia":[{"embeddable":true,"href":"https:\/\/www.mumbly.net\/wp-json\/wp\/v2\/media\/6231"}],"wp:attachment":[{"href":"https:\/\/www.mumbly.net\/wp-json\/wp\/v2\/media?parent=6230"}],"wp:term":[{"taxonomy":"product_brand","embeddable":true,"href":"https:\/\/www.mumbly.net\/wp-json\/wp\/v2\/product_brand?post=6230"},{"taxonomy":"product_cat","embeddable":true,"href":"https:\/\/www.mumbly.net\/wp-json\/wp\/v2\/product_cat?post=6230"},{"taxonomy":"product_tag","embeddable":true,"href":"https:\/\/www.mumbly.net\/wp-json\/wp\/v2\/product_tag?post=6230"}],"curies":[{"name":"wp","href":"https:\/\/api.w.org\/{rel}","templated":true}]}}