{"id":14206,"date":"2025-12-17T19:32:16","date_gmt":"2025-12-17T18:32:16","guid":{"rendered":"https:\/\/www.mumbly.net\/?post_type=product&#038;p=14206"},"modified":"2026-01-03T15:32:44","modified_gmt":"2026-01-03T14:32:44","slug":"panini-foot-2026-desire-doue-paris-saint-germain-448","status":"publish","type":"product","link":"https:\/\/www.mumbly.net\/produit\/panini-foot-2026-desire-doue-paris-saint-germain-448\/","title":{"rendered":"Panini Foot 2026 &#8211; D\u00e9sir\u00e9 Dou\u00e9 \/ Paris Saint-Germain #448"},"content":{"rendered":"<p>Panini Foot 2026 &#8211; D\u00e9sir\u00e9 Dou\u00e9 \/ Paris Saint-Germain #448<\/p>\n","protected":false},"excerpt":{"rendered":"<p>Panini Foot 2026 &#8211; D\u00e9sir\u00e9 Dou\u00e9 \/ Paris Saint-Germain #448<\/p>\n","protected":false},"featured_media":14208,"template":"","meta":{"om_disable_all_campaigns":false,"_monsterinsights_skip_tracking":false,"_monsterinsights_sitenote_active":false,"_monsterinsights_sitenote_note":"","_monsterinsights_sitenote_category":0,"ngg_post_thumbnail":0},"product_brand":[129],"product_cat":[1948],"product_tag":[1670,164],"class_list":{"0":"post-14206","1":"product","2":"type-product","3":"status-publish","4":"has-post-thumbnail","6":"product_brand-panini","7":"product_cat-foot-2026","8":"product_tag-desire-doue","9":"product_tag-paris-saint-germain","10":"product_shipping_class-cartes","12":"first","13":"instock","14":"shipping-taxable","15":"purchasable","16":"product-type-simple"},"aioseo_notices":[],"jetpack_sharing_enabled":true,"_links":{"self":[{"href":"https:\/\/www.mumbly.net\/wp-json\/wp\/v2\/product\/14206","targetHints":{"allow":["GET"]}}],"collection":[{"href":"https:\/\/www.mumbly.net\/wp-json\/wp\/v2\/product"}],"about":[{"href":"https:\/\/www.mumbly.net\/wp-json\/wp\/v2\/types\/product"}],"wp:featuredmedia":[{"embeddable":true,"href":"https:\/\/www.mumbly.net\/wp-json\/wp\/v2\/media\/14208"}],"wp:attachment":[{"href":"https:\/\/www.mumbly.net\/wp-json\/wp\/v2\/media?parent=14206"}],"wp:term":[{"taxonomy":"product_brand","embeddable":true,"href":"https:\/\/www.mumbly.net\/wp-json\/wp\/v2\/product_brand?post=14206"},{"taxonomy":"product_cat","embeddable":true,"href":"https:\/\/www.mumbly.net\/wp-json\/wp\/v2\/product_cat?post=14206"},{"taxonomy":"product_tag","embeddable":true,"href":"https:\/\/www.mumbly.net\/wp-json\/wp\/v2\/product_tag?post=14206"}],"curies":[{"name":"wp","href":"https:\/\/api.w.org\/{rel}","templated":true}]}}